{"id":868,"date":"2026-04-04T16:19:55","date_gmt":"2026-04-04T14:19:55","guid":{"rendered":"https:\/\/www.ideal-diffusion.com\/?post_type=product&#038;p=868"},"modified":"2026-04-16T13:12:44","modified_gmt":"2026-04-16T11:12:44","slug":"panneau-alveolaire-35-mm","status":"publish","type":"product","link":"https:\/\/www.ideal-diffusion.com\/?product=panneau-alveolaire-35-mm","title":{"rendered":"Offre Mutuaprint du mois : Panneaux Alv\u00e9olaires 3,5 mm"},"content":{"rendered":"<h2>Panneaux de chantier, panneaux Immo, panneaux Permis de construire, panneaux alv\u00e9olaires<\/h2>\n<p>Pr\u00e9-commandez vos panneaux et b\u00e9n\u00e9ficiez d&rsquo;un tarif de commandes group\u00e9es avec une commande unique !<\/p>\n<p>Choisissez votre format, avec ou sans oeillets, et votre quantit\u00e9, fournissez votre fichier et c&rsquo;est command\u00e9.<\/p>\n<p>Pas de fichier ? Choisissez l&rsquo;option \u00ab\u00a0cr\u00e9ation de fichier\u00a0\u00bb, en fournissant votre logo, \u00e9l\u00e9ments textes et photos, nous le r\u00e9aliserons pour vous.<\/p>\n<p>&nbsp;<\/p>\n<p>Date limite de pr\u00e9-commande pour cette op\u00e9ration group\u00e9e : 15 Mai 2026<\/p>\n<p>Livraison S22\/23<\/p>\n<p>&nbsp;<\/p>\n<p>Surveillez le compteur de commande ci-dessous et regardez la remise augmenter au fil des commandes pass\u00e9es :<\/p>\n<p><strong><p class=\"product-sales-count\">D\u00e9j\u00e0 2 commandes pass\u00e9es !<\/p><\/strong><\/p>\n<p>Partagez l&rsquo;info \u00e0 tous vos confr\u00e8res, et b\u00e9n\u00e9ficiez tous ensemble de la remise maximale !<\/p>\n<p>&nbsp;<\/p>\n<p>Une commande urgente ? Validez en r\u00e9alisant le r\u00e8glement totale, votre commande sera trait\u00e9e hors commande group\u00e9e et vous sera livr\u00e9e dans les plus brefs d\u00e9lais (5 \u00e0 7 jours)<\/p>\n","protected":false},"excerpt":{"rendered":"<h2>Panneaux de chantier, panneaux Immo, panneaux Permis de construire, panneaux alv\u00e9olaires<\/h2>\n<p>Pr\u00e9-commandez vos panneaux et b\u00e9n\u00e9ficiez d&rsquo;un tarif de commandes group\u00e9es d\u00e8s votre 1\u00e8re commande !<\/p>\n<h3><strong>Date limite de pr\u00e9-commande pour cette op\u00e9ration group\u00e9e : <span style=\"color: #ff6600;\">15 Mai 2026<\/span><\/strong><\/h3>\n<p>&nbsp;<\/p>\n<p>Surveillez le compteur de commande ci-dessous et regardez la remise augmenter au fil des commandes pass\u00e9es :<\/p>\n<h2><span style=\"color: #008000;\"><strong>[compteur_ventes]<\/strong><\/span><\/h2>\n<p>Partagez l&rsquo;info \u00e0 tous vos confr\u00e8res, et b\u00e9n\u00e9ficiez tous ensemble de la remise maximale !<\/p>\n","protected":false},"featured_media":1086,"comment_status":"open","ping_status":"closed","template":"","meta":{"_seopress_robots_primary_cat":"none","_seopress_titles_title":"Mutuaprint : anticipez, partagez, \u00e9conomisez \/ panneaux alv\u00e9olaires","_seopress_titles_desc":"Panneaux de chantier, panneaux immo, panneaux permis de construire","_seopress_robots_index":""},"product_brand":[],"product_cat":[22],"product_tag":[23,24,25],"class_list":{"0":"post-868","1":"product","2":"type-product","3":"status-publish","4":"has-post-thumbnail","6":"product_cat-non-classe","7":"product_tag-panneau-de-chantier","8":"product_tag-panneau-immo","9":"product_tag-permis-de-construire","11":"first","12":"instock","13":"taxable","14":"shipping-taxable","15":"purchasable","16":"product-type-variable"},"_links":{"self":[{"href":"https:\/\/www.ideal-diffusion.com\/index.php?rest_route=\/wp\/v2\/product\/868","targetHints":{"allow":["GET"]}}],"collection":[{"href":"https:\/\/www.ideal-diffusion.com\/index.php?rest_route=\/wp\/v2\/product"}],"about":[{"href":"https:\/\/www.ideal-diffusion.com\/index.php?rest_route=\/wp\/v2\/types\/product"}],"replies":[{"embeddable":true,"href":"https:\/\/www.ideal-diffusion.com\/index.php?rest_route=%2Fwp%2Fv2%2Fcomments&post=868"}],"wp:featuredmedia":[{"embeddable":true,"href":"https:\/\/www.ideal-diffusion.com\/index.php?rest_route=\/wp\/v2\/media\/1086"}],"wp:attachment":[{"href":"https:\/\/www.ideal-diffusion.com\/index.php?rest_route=%2Fwp%2Fv2%2Fmedia&parent=868"}],"wp:term":[{"taxonomy":"product_brand","embeddable":true,"href":"https:\/\/www.ideal-diffusion.com\/index.php?rest_route=%2Fwp%2Fv2%2Fproduct_brand&post=868"},{"taxonomy":"product_cat","embeddable":true,"href":"https:\/\/www.ideal-diffusion.com\/index.php?rest_route=%2Fwp%2Fv2%2Fproduct_cat&post=868"},{"taxonomy":"product_tag","embeddable":true,"href":"https:\/\/www.ideal-diffusion.com\/index.php?rest_route=%2Fwp%2Fv2%2Fproduct_tag&post=868"}],"curies":[{"name":"wp","href":"https:\/\/api.w.org\/{rel}","templated":true}]}}