{"id":958,"date":"2026-04-12T15:53:29","date_gmt":"2026-04-12T13:53:29","guid":{"rendered":"https:\/\/www.ideal-diffusion.com\/?post_type=product&#038;p=958"},"modified":"2026-04-15T16:26:21","modified_gmt":"2026-04-15T14:26:21","slug":"creation-maquettes-panneau","status":"publish","type":"product","link":"https:\/\/www.ideal-diffusion.com\/?product=creation-maquettes-panneau","title":{"rendered":"Forfait cr\u00e9ation maquette  &#8211; Panneau alv\u00e9olaire"},"content":{"rendered":"","protected":false},"excerpt":{"rendered":"<p>Forfait cr\u00e9ation de maquette pour votre panneau de chantier, panneau de construire ou panneau immobilier.<\/p>\n<p>Format de 30&#215;40 \u00e0 80&#215;120, recto seul, quadri.<\/p>\n<p>Logos, textes et photos fournis par le client.<\/p>\n<p>80 euros HT<\/p>\n","protected":false},"featured_media":310,"comment_status":"open","ping_status":"closed","template":"","meta":{"_seopress_robots_primary_cat":"none","_seopress_titles_title":"","_seopress_titles_desc":"","_seopress_robots_index":""},"product_brand":[],"product_cat":[22],"product_tag":[],"class_list":{"0":"post-958","1":"product","2":"type-product","3":"status-publish","4":"has-post-thumbnail","6":"product_cat-non-classe","8":"first","9":"instock","10":"virtual","11":"taxable","12":"purchasable","13":"product-type-simple"},"_links":{"self":[{"href":"https:\/\/www.ideal-diffusion.com\/index.php?rest_route=\/wp\/v2\/product\/958","targetHints":{"allow":["GET"]}}],"collection":[{"href":"https:\/\/www.ideal-diffusion.com\/index.php?rest_route=\/wp\/v2\/product"}],"about":[{"href":"https:\/\/www.ideal-diffusion.com\/index.php?rest_route=\/wp\/v2\/types\/product"}],"replies":[{"embeddable":true,"href":"https:\/\/www.ideal-diffusion.com\/index.php?rest_route=%2Fwp%2Fv2%2Fcomments&post=958"}],"wp:featuredmedia":[{"embeddable":true,"href":"https:\/\/www.ideal-diffusion.com\/index.php?rest_route=\/wp\/v2\/media\/310"}],"wp:attachment":[{"href":"https:\/\/www.ideal-diffusion.com\/index.php?rest_route=%2Fwp%2Fv2%2Fmedia&parent=958"}],"wp:term":[{"taxonomy":"product_brand","embeddable":true,"href":"https:\/\/www.ideal-diffusion.com\/index.php?rest_route=%2Fwp%2Fv2%2Fproduct_brand&post=958"},{"taxonomy":"product_cat","embeddable":true,"href":"https:\/\/www.ideal-diffusion.com\/index.php?rest_route=%2Fwp%2Fv2%2Fproduct_cat&post=958"},{"taxonomy":"product_tag","embeddable":true,"href":"https:\/\/www.ideal-diffusion.com\/index.php?rest_route=%2Fwp%2Fv2%2Fproduct_tag&post=958"}],"curies":[{"name":"wp","href":"https:\/\/api.w.org\/{rel}","templated":true}]}}